{"id":1500,"date":"2025-02-14T14:38:35","date_gmt":"2025-02-14T19:38:35","guid":{"rendered":"https:\/\/www.centrecotesaintluc.com\/actualites\/"},"modified":"2026-01-29T17:54:48","modified_gmt":"2026-01-29T22:54:48","slug":"actualites","status":"publish","type":"page","link":"https:\/\/www.centrecotesaintluc.com\/fr\/actualites\/","title":{"rendered":"Actualit\u00e9s"},"content":{"rendered":"\t\t<div data-elementor-type=\"wp-page\" data-elementor-id=\"1500\" class=\"elementor elementor-1500 elementor-521\" data-elementor-post-type=\"page\">\n\t\t\t\t<div class=\"elementor-element elementor-element-e749a72 e-flex e-con-boxed e-con e-parent\" data-id=\"e749a72\" data-element_type=\"container\">\n\t\t\t\t\t<div class=\"e-con-inner\">\n\t\t\t\t\t<\/div>\n\t\t\t\t<\/div>\n\t\t\t\t<\/div>\n\t\t","protected":false},"excerpt":{"rendered":"","protected":false},"author":1,"featured_media":0,"parent":0,"menu_order":0,"comment_status":"closed","ping_status":"closed","template":"elementor_theme","meta":{"_acf_changed":false,"footnotes":""},"class_list":["post-1500","page","type-page","status-publish","hentry"],"acf":[],"yoast_head":"<!-- This site is optimized with the Yoast SEO plugin v26.0 - https:\/\/yoast.com\/wordpress\/plugins\/seo\/ -->\n<title>Actualit\u00e9s - Cote St-Luc<\/title>\n<meta name=\"description\" content=\"Discover what is happening at Centre C\u00f4te Saint-Luc Restez inform\u00e9 des \u00e9v\u00e9nements \u00e0 venir, des mises \u00e0 jour et des nouvelles ouvertures.\" \/>\n<meta name=\"robots\" content=\"index, follow, max-snippet:-1, max-image-preview:large, max-video-preview:-1\" \/>\n<link rel=\"canonical\" href=\"https:\/\/www.centrecotesaintluc.com\/fr\/actualites\/\" \/>\n<meta property=\"og:locale\" content=\"fr_FR\" \/>\n<meta property=\"og:type\" content=\"article\" \/>\n<meta property=\"og:title\" content=\"Actualit\u00e9s - Cote St-Luc\" \/>\n<meta property=\"og:description\" content=\"Discover what is happening at Centre C\u00f4te Saint-Luc Restez inform\u00e9 des \u00e9v\u00e9nements \u00e0 venir, des mises \u00e0 jour et des nouvelles ouvertures.\" \/>\n<meta property=\"og:url\" content=\"https:\/\/www.centrecotesaintluc.com\/fr\/actualites\/\" \/>\n<meta property=\"og:site_name\" content=\"Cote St-Luc\" \/>\n<meta property=\"article:modified_time\" content=\"2026-01-29T22:54:48+00:00\" \/>\n<meta name=\"twitter:card\" content=\"summary_large_image\" \/>\n<script type=\"application\/ld+json\" class=\"yoast-schema-graph\">{\"@context\":\"https:\/\/schema.org\",\"@graph\":[{\"@type\":\"WebPage\",\"@id\":\"https:\/\/www.centrecotesaintluc.com\/fr\/actualites\/\",\"url\":\"https:\/\/www.centrecotesaintluc.com\/fr\/actualites\/\",\"name\":\"Actualit\u00e9s - Cote St-Luc\",\"isPartOf\":{\"@id\":\"https:\/\/www.centrecotesaintluc.com\/fr\/#website\"},\"datePublished\":\"2025-02-14T19:38:35+00:00\",\"dateModified\":\"2026-01-29T22:54:48+00:00\",\"description\":\"Discover what is happening at Centre C\u00f4te Saint-Luc Restez inform\u00e9 des \u00e9v\u00e9nements \u00e0 venir, des mises \u00e0 jour et des nouvelles ouvertures.\",\"breadcrumb\":{\"@id\":\"https:\/\/www.centrecotesaintluc.com\/fr\/actualites\/#breadcrumb\"},\"inLanguage\":\"fr-FR\",\"potentialAction\":[{\"@type\":\"ReadAction\",\"target\":[\"https:\/\/www.centrecotesaintluc.com\/fr\/actualites\/\"]}]},{\"@type\":\"BreadcrumbList\",\"@id\":\"https:\/\/www.centrecotesaintluc.com\/fr\/actualites\/#breadcrumb\",\"itemListElement\":[{\"@type\":\"ListItem\",\"position\":1,\"name\":\"Home\",\"item\":\"https:\/\/www.centrecotesaintluc.com\/fr\/\"},{\"@type\":\"ListItem\",\"position\":2,\"name\":\"Actualit\u00e9s\"}]},{\"@type\":\"WebSite\",\"@id\":\"https:\/\/www.centrecotesaintluc.com\/fr\/#website\",\"url\":\"https:\/\/www.centrecotesaintluc.com\/fr\/\",\"name\":\"Cote St-Luc\",\"description\":\"\",\"potentialAction\":[{\"@type\":\"SearchAction\",\"target\":{\"@type\":\"EntryPoint\",\"urlTemplate\":\"https:\/\/www.centrecotesaintluc.com\/fr\/?s={search_term_string}\"},\"query-input\":{\"@type\":\"PropertyValueSpecification\",\"valueRequired\":true,\"valueName\":\"search_term_string\"}}],\"inLanguage\":\"fr-FR\"}]}<\/script>\n<!-- \/ Yoast SEO plugin. -->","yoast_head_json":{"title":"Actualit\u00e9s - Cote St-Luc","description":"Discover what is happening at Centre C\u00f4te Saint-Luc Restez inform\u00e9 des \u00e9v\u00e9nements \u00e0 venir, des mises \u00e0 jour et des nouvelles ouvertures.","robots":{"index":"index","follow":"follow","max-snippet":"max-snippet:-1","max-image-preview":"max-image-preview:large","max-video-preview":"max-video-preview:-1"},"canonical":"https:\/\/www.centrecotesaintluc.com\/fr\/actualites\/","og_locale":"fr_FR","og_type":"article","og_title":"Actualit\u00e9s - Cote St-Luc","og_description":"Discover what is happening at Centre C\u00f4te Saint-Luc Restez inform\u00e9 des \u00e9v\u00e9nements \u00e0 venir, des mises \u00e0 jour et des nouvelles ouvertures.","og_url":"https:\/\/www.centrecotesaintluc.com\/fr\/actualites\/","og_site_name":"Cote St-Luc","article_modified_time":"2026-01-29T22:54:48+00:00","twitter_card":"summary_large_image","schema":{"@context":"https:\/\/schema.org","@graph":[{"@type":"WebPage","@id":"https:\/\/www.centrecotesaintluc.com\/fr\/actualites\/","url":"https:\/\/www.centrecotesaintluc.com\/fr\/actualites\/","name":"Actualit\u00e9s - Cote St-Luc","isPartOf":{"@id":"https:\/\/www.centrecotesaintluc.com\/fr\/#website"},"datePublished":"2025-02-14T19:38:35+00:00","dateModified":"2026-01-29T22:54:48+00:00","description":"Discover what is happening at Centre C\u00f4te Saint-Luc Restez inform\u00e9 des \u00e9v\u00e9nements \u00e0 venir, des mises \u00e0 jour et des nouvelles ouvertures.","breadcrumb":{"@id":"https:\/\/www.centrecotesaintluc.com\/fr\/actualites\/#breadcrumb"},"inLanguage":"fr-FR","potentialAction":[{"@type":"ReadAction","target":["https:\/\/www.centrecotesaintluc.com\/fr\/actualites\/"]}]},{"@type":"BreadcrumbList","@id":"https:\/\/www.centrecotesaintluc.com\/fr\/actualites\/#breadcrumb","itemListElement":[{"@type":"ListItem","position":1,"name":"Home","item":"https:\/\/www.centrecotesaintluc.com\/fr\/"},{"@type":"ListItem","position":2,"name":"Actualit\u00e9s"}]},{"@type":"WebSite","@id":"https:\/\/www.centrecotesaintluc.com\/fr\/#website","url":"https:\/\/www.centrecotesaintluc.com\/fr\/","name":"Cote St-Luc","description":"","potentialAction":[{"@type":"SearchAction","target":{"@type":"EntryPoint","urlTemplate":"https:\/\/www.centrecotesaintluc.com\/fr\/?s={search_term_string}"},"query-input":{"@type":"PropertyValueSpecification","valueRequired":true,"valueName":"search_term_string"}}],"inLanguage":"fr-FR"}]}},"_links":{"self":[{"href":"https:\/\/www.centrecotesaintluc.com\/fr\/wp-json\/wp\/v2\/pages\/1500","targetHints":{"allow":["GET"]}}],"collection":[{"href":"https:\/\/www.centrecotesaintluc.com\/fr\/wp-json\/wp\/v2\/pages"}],"about":[{"href":"https:\/\/www.centrecotesaintluc.com\/fr\/wp-json\/wp\/v2\/types\/page"}],"author":[{"embeddable":true,"href":"https:\/\/www.centrecotesaintluc.com\/fr\/wp-json\/wp\/v2\/users\/1"}],"replies":[{"embeddable":true,"href":"https:\/\/www.centrecotesaintluc.com\/fr\/wp-json\/wp\/v2\/comments?post=1500"}],"version-history":[{"count":1,"href":"https:\/\/www.centrecotesaintluc.com\/fr\/wp-json\/wp\/v2\/pages\/1500\/revisions"}],"predecessor-version":[{"id":1502,"href":"https:\/\/www.centrecotesaintluc.com\/fr\/wp-json\/wp\/v2\/pages\/1500\/revisions\/1502"}],"wp:attachment":[{"href":"https:\/\/www.centrecotesaintluc.com\/fr\/wp-json\/wp\/v2\/media?parent=1500"}],"curies":[{"name":"wp","href":"https:\/\/api.w.org\/{rel}","templated":true}]}}